{"id":8249,"date":"2026-04-23T14:54:26","date_gmt":"2026-04-23T12:54:26","guid":{"rendered":"https:\/\/pangeapark.dk\/falster\/?page_id=8249"},"modified":"2026-04-27T07:51:13","modified_gmt":"2026-04-27T05:51:13","slug":"historien","status":"publish","type":"page","link":"https:\/\/pangeapark.dk\/falster\/om-os\/historien\/","title":{"rendered":"Historien"},"content":{"rendered":"\t\t<div data-elementor-type=\"wp-page\" data-elementor-id=\"8249\" class=\"elementor elementor-8249\" data-elementor-post-type=\"page\">\n\t\t\t\t<div class=\"elementor-element elementor-element-df81d80 e-flex e-con-boxed e-con e-parent\" data-id=\"df81d80\" data-element_type=\"container\" data-e-type=\"container\">\n\t\t\t\t\t<div class=\"e-con-inner\">\n\t\t<div class=\"elementor-element elementor-element-2c53b212 e-con-full e-flex e-con e-child\" data-id=\"2c53b212\" data-element_type=\"container\" data-e-type=\"container\">\n\t\t\t\t<div class=\"elementor-element elementor-element-4b1e366e elementor-widget elementor-widget-heading\" data-id=\"4b1e366e\" data-element_type=\"widget\" data-e-type=\"widget\" data-widget_type=\"heading.default\">\n\t\t\t\t\t<h2 class=\"elementor-heading-title elementor-size-default\">Historien om Pangea Park Falster<\/h2>\t\t\t\t<\/div>\n\t\t\t\t<div class=\"elementor-element elementor-element-58a85eab elementor-widget elementor-widget-text-editor\" data-id=\"58a85eab\" data-element_type=\"widget\" data-e-type=\"widget\" data-widget_type=\"text-editor.default\">\n\t\t\t\t\t\t\t\t\t<p>Pangea Park Falster er skabt ud fra en passion for dyr, oplevelser og \u00f8nsket om at skabe noget s\u00e6rligt p\u00e5 Falster. Fra begyndelsen har ambitionen v\u00e6ret at udvikle en familievenlig dyrepark, hvor g\u00e6ster kan komme t\u00e6t p\u00e5 dyrene og f\u00e5 oplevelser, der f\u00f8les n\u00e6rv\u00e6rende, hyggelige og mindev\u00e6rdige.<\/p><p>Bag parken ligger et stort engagement i at skabe et sted, hvor dyregl\u00e6de, l\u00e6ring og f\u00e6llesskab er i centrum. Hver detalje, fra dyreanl\u00e6g og oplevelser til caf\u00e9omr\u00e5der og aktiviteter, udvikles med fokus p\u00e5 g\u00e6sternes samlede oplevelse og \u00f8nsket om at skabe en park, som b\u00e5de lokale og bes\u00f8gende har lyst til at vende tilbage til.<\/p><p>Pangea Park Falster er samtidig en park i udvikling. Der arbejdes l\u00f8bende med nye omr\u00e5der, forbedringer og oplevelser, s\u00e5 b\u00e5de nye og tilbagevendende g\u00e6ster altid har noget at gl\u00e6de sig til. M\u00e5let er at skabe et sted, hvor familier kan samles om dyr, natur og gode minder i natursk\u00f8nne omgivelser p\u00e5 Falster.<\/p><p>S\u00f8ger du en zoo p\u00e5 Falster med en personlig historie, n\u00e6rhed til dyrene og oplevelser for hele familien, er Pangea Park Falster et oplagt sted at bes\u00f8ge.<\/p>\t\t\t\t\t\t\t\t<\/div>\n\t\t\t\t<\/div>\n\t\t\t\t\t<\/div>\n\t\t\t\t<\/div>\n\t\t\t\t<\/div>\n\t\t","protected":false},"excerpt":{"rendered":"<p>Historien om Pangea Park Falster Pangea Park Falster er skabt ud fra en passion for dyr, oplevelser og \u00f8nsket om at skabe noget s\u00e6rligt p\u00e5 Falster. Fra begyndelsen har ambitionen v\u00e6ret at udvikle en familievenlig dyrepark, hvor g\u00e6ster kan komme t\u00e6t p\u00e5 dyrene og f\u00e5 oplevelser, der f\u00f8les n\u00e6rv\u00e6rende, hyggelige og mindev\u00e6rdige. Bag parken ligger [&hellip;]<\/p>\n","protected":false},"author":1,"featured_media":0,"parent":126,"menu_order":21,"comment_status":"closed","ping_status":"closed","template":"","meta":{"_acf_changed":false,"_seopress_robots_primary_cat":"","_seopress_titles_title":"","_seopress_titles_desc":"","_seopress_robots_index":"","footnotes":""},"class_list":["post-8249","page","type-page","status-publish","hentry"],"acf":[],"_links":{"self":[{"href":"https:\/\/pangeapark.dk\/falster\/wp-json\/wp\/v2\/pages\/8249","targetHints":{"allow":["GET"]}}],"collection":[{"href":"https:\/\/pangeapark.dk\/falster\/wp-json\/wp\/v2\/pages"}],"about":[{"href":"https:\/\/pangeapark.dk\/falster\/wp-json\/wp\/v2\/types\/page"}],"author":[{"embeddable":true,"href":"https:\/\/pangeapark.dk\/falster\/wp-json\/wp\/v2\/users\/1"}],"replies":[{"embeddable":true,"href":"https:\/\/pangeapark.dk\/falster\/wp-json\/wp\/v2\/comments?post=8249"}],"version-history":[{"count":4,"href":"https:\/\/pangeapark.dk\/falster\/wp-json\/wp\/v2\/pages\/8249\/revisions"}],"predecessor-version":[{"id":8255,"href":"https:\/\/pangeapark.dk\/falster\/wp-json\/wp\/v2\/pages\/8249\/revisions\/8255"}],"up":[{"embeddable":true,"href":"https:\/\/pangeapark.dk\/falster\/wp-json\/wp\/v2\/pages\/126"}],"wp:attachment":[{"href":"https:\/\/pangeapark.dk\/falster\/wp-json\/wp\/v2\/media?parent=8249"}],"curies":[{"name":"wp","href":"https:\/\/api.w.org\/{rel}","templated":true}]}}