{"id":7527,"date":"2026-03-19T10:23:18","date_gmt":"2026-03-19T09:23:18","guid":{"rendered":"https:\/\/pangeapark.dk\/falster\/?page_id=7527"},"modified":"2026-04-20T11:04:06","modified_gmt":"2026-04-20T09:04:06","slug":"grupper-og-foedselsdage","status":"publish","type":"page","link":"https:\/\/pangeapark.dk\/falster\/grupper-og-foedselsdage\/","title":{"rendered":"Grupper og f\u00f8dselsdage"},"content":{"rendered":"\t\t<div data-elementor-type=\"wp-page\" data-elementor-id=\"7527\" class=\"elementor elementor-7527\" data-elementor-post-type=\"page\">\n\t\t\t\t<div class=\"elementor-element elementor-element-feed8cf e-con-full e-flex e-con e-parent\" data-id=\"feed8cf\" data-element_type=\"container\" data-e-type=\"container\" data-settings=\"{&quot;background_background&quot;:&quot;classic&quot;}\">\n\t\t<div class=\"elementor-element elementor-element-7f526e5 e-flex e-con-boxed e-con e-child\" data-id=\"7f526e5\" data-element_type=\"container\" data-e-type=\"container\">\n\t\t\t\t\t<div class=\"e-con-inner\">\n\t\t\t\t<div class=\"elementor-element elementor-element-dc2c8df elementor-icon-list--layout-traditional elementor-list-item-link-full_width elementor-widget elementor-widget-icon-list\" data-id=\"dc2c8df\" data-element_type=\"widget\" data-e-type=\"widget\" data-widget_type=\"icon-list.default\">\n\t\t\t\t\t\t\t<ul class=\"elementor-icon-list-items\">\n\t\t\t\t\t\t\t<li class=\"elementor-icon-list-item\">\n\t\t\t\t\t\t\t\t\t\t\t<span class=\"elementor-icon-list-icon\">\n\t\t\t\t\t\t\t<svg aria-hidden=\"true\" class=\"e-font-icon-svg e-fas-paw\" viewBox=\"0 0 512 512\" xmlns=\"http:\/\/www.w3.org\/2000\/svg\"><path d=\"M256 224c-79.41 0-192 122.76-192 200.25 0 34.9 26.81 55.75 71.74 55.75 48.84 0 81.09-25.08 120.26-25.08 39.51 0 71.85 25.08 120.26 25.08 44.93 0 71.74-20.85 71.74-55.75C448 346.76 335.41 224 256 224zm-147.28-12.61c-10.4-34.65-42.44-57.09-71.56-50.13-29.12 6.96-44.29 40.69-33.89 75.34 10.4 34.65 42.44 57.09 71.56 50.13 29.12-6.96 44.29-40.69 33.89-75.34zm84.72-20.78c30.94-8.14 46.42-49.94 34.58-93.36s-46.52-72.01-77.46-63.87-46.42 49.94-34.58 93.36c11.84 43.42 46.53 72.02 77.46 63.87zm281.39-29.34c-29.12-6.96-61.15 15.48-71.56 50.13-10.4 34.65 4.77 68.38 33.89 75.34 29.12 6.96 61.15-15.48 71.56-50.13 10.4-34.65-4.77-68.38-33.89-75.34zm-156.27 29.34c30.94 8.14 65.62-20.45 77.46-63.87 11.84-43.42-3.64-85.21-34.58-93.36s-65.62 20.45-77.46 63.87c-11.84 43.42 3.64 85.22 34.58 93.36z\"><\/path><\/svg>\t\t\t\t\t\t<\/span>\n\t\t\t\t\t\t\t\t\t\t<span class=\"elementor-icon-list-text\">Almindelig \u00e5bningsdag:<\/span>\n\t\t\t\t\t\t\t\t\t<\/li>\n\t\t\t\t\t\t<\/ul>\n\t\t\t\t\t\t<\/div>\n\t\t\t\t<div class=\"elementor-element elementor-element-8ece75d elementor-widget elementor-widget-text-editor\" data-id=\"8ece75d\" data-element_type=\"widget\" data-e-type=\"widget\" data-widget_type=\"text-editor.default\">\n\t\t\t\t\t\t\t\t\t<p>N\u00e5r du bes\u00f8ger Pangea Park Falster som en gruppe p\u00e5 20 personer eller mere p\u00e5 en almindelig \u00e5bningsdag, f\u00e5r du 20% rabat p\u00e5 den normale entrepris.<\/p>\t\t\t\t\t\t\t\t<\/div>\n\t\t\t\t<div class=\"elementor-element elementor-element-67fe785 elementor-icon-list--layout-traditional elementor-list-item-link-full_width elementor-widget elementor-widget-icon-list\" data-id=\"67fe785\" data-element_type=\"widget\" data-e-type=\"widget\" data-widget_type=\"icon-list.default\">\n\t\t\t\t\t\t\t<ul class=\"elementor-icon-list-items\">\n\t\t\t\t\t\t\t<li class=\"elementor-icon-list-item\">\n\t\t\t\t\t\t\t\t\t\t\t<span class=\"elementor-icon-list-icon\">\n\t\t\t\t\t\t\t<svg aria-hidden=\"true\" class=\"e-font-icon-svg e-fas-paw\" viewBox=\"0 0 512 512\" xmlns=\"http:\/\/www.w3.org\/2000\/svg\"><path d=\"M256 224c-79.41 0-192 122.76-192 200.25 0 34.9 26.81 55.75 71.74 55.75 48.84 0 81.09-25.08 120.26-25.08 39.51 0 71.85 25.08 120.26 25.08 44.93 0 71.74-20.85 71.74-55.75C448 346.76 335.41 224 256 224zm-147.28-12.61c-10.4-34.65-42.44-57.09-71.56-50.13-29.12 6.96-44.29 40.69-33.89 75.34 10.4 34.65 42.44 57.09 71.56 50.13 29.12-6.96 44.29-40.69 33.89-75.34zm84.72-20.78c30.94-8.14 46.42-49.94 34.58-93.36s-46.52-72.01-77.46-63.87-46.42 49.94-34.58 93.36c11.84 43.42 46.53 72.02 77.46 63.87zm281.39-29.34c-29.12-6.96-61.15 15.48-71.56 50.13-10.4 34.65 4.77 68.38 33.89 75.34 29.12 6.96 61.15-15.48 71.56-50.13 10.4-34.65-4.77-68.38-33.89-75.34zm-156.27 29.34c30.94 8.14 65.62-20.45 77.46-63.87 11.84-43.42-3.64-85.21-34.58-93.36s-65.62 20.45-77.46 63.87c-11.84 43.42 3.64 85.22 34.58 93.36z\"><\/path><\/svg>\t\t\t\t\t\t<\/span>\n\t\t\t\t\t\t\t\t\t\t<span class=\"elementor-icon-list-text\">Bes\u00f8g os p\u00e5 lukkedage<\/span>\n\t\t\t\t\t\t\t\t\t<\/li>\n\t\t\t\t\t\t<\/ul>\n\t\t\t\t\t\t<\/div>\n\t\t\t\t<div class=\"elementor-element elementor-element-7806c94 elementor-widget elementor-widget-text-editor\" data-id=\"7806c94\" data-element_type=\"widget\" data-e-type=\"widget\" data-widget_type=\"text-editor.default\">\n\t\t\t\t\t\t\t\t\t<p><strong><em>(Bem\u00e6rk, at der ikke gives grupperabat for grupper over 20 deltagere p\u00e5 en lukkedag)<\/em><\/strong><\/p><p>Pangea Park Falster kan ogs\u00e5 arrangeres for grupper og f\u00f8dselsdage p\u00e5 lukkedage efter aftale. Der er dog en minimums betaling, s\u00e5 kontakt os for detaljer. V\u00e6r opm\u00e6rksom p\u00e5, at Cafe Rafiki og shows ikke er tilg\u00e6ngelige p\u00e5 lukkedage.<\/p>\t\t\t\t\t\t\t\t<\/div>\n\t\t\t\t<div class=\"elementor-element elementor-element-a2d8b51 elementor-widget elementor-widget-heading\" data-id=\"a2d8b51\" data-element_type=\"widget\" data-e-type=\"widget\" data-widget_type=\"heading.default\">\n\t\t\t\t\t<h3 class=\"elementor-heading-title elementor-size-default\">Hvem kan deltage?<\/h3>\t\t\t\t<\/div>\n\t\t\t\t<div class=\"elementor-element elementor-element-81bc14d elementor-icon-list--layout-traditional elementor-list-item-link-full_width elementor-widget elementor-widget-icon-list\" data-id=\"81bc14d\" data-element_type=\"widget\" data-e-type=\"widget\" data-widget_type=\"icon-list.default\">\n\t\t\t\t\t\t\t<ul class=\"elementor-icon-list-items\">\n\t\t\t\t\t\t\t<li class=\"elementor-icon-list-item\">\n\t\t\t\t\t\t\t\t\t\t\t<span class=\"elementor-icon-list-icon\">\n\t\t\t\t\t\t\t<svg aria-hidden=\"true\" class=\"e-font-icon-svg e-fas-paw\" viewBox=\"0 0 512 512\" xmlns=\"http:\/\/www.w3.org\/2000\/svg\"><path d=\"M256 224c-79.41 0-192 122.76-192 200.25 0 34.9 26.81 55.75 71.74 55.75 48.84 0 81.09-25.08 120.26-25.08 39.51 0 71.85 25.08 120.26 25.08 44.93 0 71.74-20.85 71.74-55.75C448 346.76 335.41 224 256 224zm-147.28-12.61c-10.4-34.65-42.44-57.09-71.56-50.13-29.12 6.96-44.29 40.69-33.89 75.34 10.4 34.65 42.44 57.09 71.56 50.13 29.12-6.96 44.29-40.69 33.89-75.34zm84.72-20.78c30.94-8.14 46.42-49.94 34.58-93.36s-46.52-72.01-77.46-63.87-46.42 49.94-34.58 93.36c11.84 43.42 46.53 72.02 77.46 63.87zm281.39-29.34c-29.12-6.96-61.15 15.48-71.56 50.13-10.4 34.65 4.77 68.38 33.89 75.34 29.12 6.96 61.15-15.48 71.56-50.13 10.4-34.65-4.77-68.38-33.89-75.34zm-156.27 29.34c30.94 8.14 65.62-20.45 77.46-63.87 11.84-43.42-3.64-85.21-34.58-93.36s-65.62 20.45-77.46 63.87c-11.84 43.42 3.64 85.22 34.58 93.36z\"><\/path><\/svg>\t\t\t\t\t\t<\/span>\n\t\t\t\t\t\t\t\t\t\t<span class=\"elementor-icon-list-text\">Rundvisningspakke til f\u00f8dselsdage\/Institutioner<\/span>\n\t\t\t\t\t\t\t\t\t<\/li>\n\t\t\t\t\t\t<\/ul>\n\t\t\t\t\t\t<\/div>\n\t\t\t\t<div class=\"elementor-element elementor-element-664d32f elementor-widget elementor-widget-text-editor\" data-id=\"664d32f\" data-element_type=\"widget\" data-e-type=\"widget\" data-widget_type=\"text-editor.default\">\n\t\t\t\t\t\t\t\t\t<p>Hvis du gerne vil opleve Pangea Park Falster t\u00e6ttere p\u00e5, tilbyder vi en rundvisningspakke, som ofte bruges til f\u00f8dselsdage og institutionelle bes\u00f8g.<\/p><p><em><strong>Den<\/strong><\/em><strong> kost<\/strong><strong>er<\/strong><em><strong> 230 kr. pr. person uanset alder med en minimums betaling p\u00e5 2300 kr.<\/strong><\/em><\/p><p><em><strong>(P\u00e5 almindelige \u00e5bningsdage) og varer normalt omkring 45 minutter.<\/strong><\/em><\/p><p>Du vil have en personlig dyrepasser, der giver dig mulighed for at komme t\u00e6ttere p\u00e5 dyrene, f\u00e5 information om dem og se fodringen af nogle af dyrene.<\/p><p><em><strong>(Bem\u00e6rk, at der ikke gives grupperabat for grupper over 20 deltagere p\u00e5 rundvisningspakken)<\/strong><\/em><\/p><p>Vi s\u00f8rger ogs\u00e5 for reserverede siddepladser til din gruppe.<\/p><p>Du kan k\u00f8be snacks, sodavand, kaffe og lignende i vores cafe. Du er ogs\u00e5 velkommen til at medbringe dine egne. P\u00e5 almindelige \u00e5bningsdage kan du k\u00f8be varm mad som pommes frites og nuggets i cafeen.<\/p><p>Hvis Rundvisningen\/f\u00f8dselsdagen er p\u00e5 en lukkedag s\u00e5 bem\u00e6rk.<\/p><p>P\u00e5 lukkedage er de daglige shows med dyr, samt Cafe Rafiki ikke tilg\u00e6ngelige<\/p><p>Ved ankomst og afslutning af dit arrangement kan kun deltagerne g\u00e5 ind i dyreparken. Andre, der skal aflevere eller hente, bedes vente ved indgangen og kontakte en af vores personale.<\/p><p>Der er b\u00e5de udend\u00f8rs siddepladser og siddepladser under halvtag til r\u00e5dighed.<\/p><p>For at reservere din gruppe, skal du blot henvende dig til os og angive den \u00f8nskede dato og tidspunkt, og vi vil s\u00f8rge for at booke dig ind til den p\u00e5g\u00e6ldende dag.<\/p>\t\t\t\t\t\t\t\t<\/div>\n\t\t\t\t<div class=\"elementor-element elementor-element-ccea428 elementor-widget elementor-widget-text-editor\" data-id=\"ccea428\" data-element_type=\"widget\" data-e-type=\"widget\" data-widget_type=\"text-editor.default\">\n\t\t\t\t\t\t\t\t\t<p>\u00a0<\/p><p><strong>Dyrepasser for en dag\u00a0<\/strong><\/p><p>Minimumsalder for b\u00f8rn er 6 \u00e5r, og det er vigtigt, at barnet er trygt ved at deltage uden for\u00e6ldre og er moden nok til at f\u00f8lge beskeder og dagens aktiviteter sammen med dyrepasserne. Har du sp\u00f8rgsm\u00e5l, s\u00e5 hj\u00e6lper vi gerne.<\/p><p>OBS: Hvis oplevelsen bookes p\u00e5 en \u00e5bningsdag, kan for\u00e6ldre k\u00f8be almindelig entr\u00e9 og nyde parken imens. Husk, prisen p\u00e5 1.500 kr. g\u00e6lder pr. deltager.<\/p><p>Man skriver blot til os hvilken dag man t\u00e6nker det skal v\u00e6re, og sa\u030a ser vi pa\u030a om en ekstra dyrepasser kan komme pa\u030a arbejde den p\u00e5g\u00e6ldende dag, og sa\u030a betaler man blot na\u030ar man ankommer.<\/p>\t\t\t\t\t\t\t\t<\/div>\n\t\t\t\t<div class=\"elementor-element elementor-element-7460e89 elementor-icon-list--layout-traditional elementor-list-item-link-full_width elementor-widget elementor-widget-icon-list\" data-id=\"7460e89\" data-element_type=\"widget\" data-e-type=\"widget\" data-widget_type=\"icon-list.default\">\n\t\t\t\t\t\t\t<ul class=\"elementor-icon-list-items\">\n\t\t\t\t\t\t\t<li class=\"elementor-icon-list-item\">\n\t\t\t\t\t\t\t\t\t\t\t<span class=\"elementor-icon-list-icon\">\n\t\t\t\t\t\t\t<svg aria-hidden=\"true\" class=\"e-font-icon-svg e-fas-paw\" viewBox=\"0 0 512 512\" xmlns=\"http:\/\/www.w3.org\/2000\/svg\"><path d=\"M256 224c-79.41 0-192 122.76-192 200.25 0 34.9 26.81 55.75 71.74 55.75 48.84 0 81.09-25.08 120.26-25.08 39.51 0 71.85 25.08 120.26 25.08 44.93 0 71.74-20.85 71.74-55.75C448 346.76 335.41 224 256 224zm-147.28-12.61c-10.4-34.65-42.44-57.09-71.56-50.13-29.12 6.96-44.29 40.69-33.89 75.34 10.4 34.65 42.44 57.09 71.56 50.13 29.12-6.96 44.29-40.69 33.89-75.34zm84.72-20.78c30.94-8.14 46.42-49.94 34.58-93.36s-46.52-72.01-77.46-63.87-46.42 49.94-34.58 93.36c11.84 43.42 46.53 72.02 77.46 63.87zm281.39-29.34c-29.12-6.96-61.15 15.48-71.56 50.13-10.4 34.65 4.77 68.38 33.89 75.34 29.12 6.96 61.15-15.48 71.56-50.13 10.4-34.65-4.77-68.38-33.89-75.34zm-156.27 29.34c30.94 8.14 65.62-20.45 77.46-63.87 11.84-43.42-3.64-85.21-34.58-93.36s-65.62 20.45-77.46 63.87c-11.84 43.42 3.64 85.22 34.58 93.36z\"><\/path><\/svg>\t\t\t\t\t\t<\/span>\n\t\t\t\t\t\t\t\t\t\t<span class=\"elementor-icon-list-text\">Afmelding skal ske senest 24 timer f\u00f8r start \u2013 herefter faktureres fuld pris.<\/span>\n\t\t\t\t\t\t\t\t\t<\/li>\n\t\t\t\t\t\t<\/ul>\n\t\t\t\t\t\t<\/div>\n\t\t\t\t\t<\/div>\n\t\t\t\t<\/div>\n\t\t\t\t<\/div>\n\t\t\t\t<\/div>\n\t\t","protected":false},"excerpt":{"rendered":"<p>Almindelig \u00e5bningsdag: N\u00e5r du bes\u00f8ger Pangea Park Falster som en gruppe p\u00e5 20 personer eller mere p\u00e5 en almindelig \u00e5bningsdag, f\u00e5r du 20% rabat p\u00e5 den normale entrepris. Bes\u00f8g os p\u00e5 lukkedage (Bem\u00e6rk, at der ikke gives grupperabat for grupper over 20 deltagere p\u00e5 en lukkedag) Pangea Park Falster kan ogs\u00e5 arrangeres for grupper og [&hellip;]<\/p>\n","protected":false},"author":1,"featured_media":5987,"parent":0,"menu_order":19,"comment_status":"closed","ping_status":"closed","template":"","meta":{"_acf_changed":false,"_seopress_robots_primary_cat":"","_seopress_titles_title":"","_seopress_titles_desc":"","_seopress_robots_index":"","footnotes":""},"class_list":["post-7527","page","type-page","status-publish","has-post-thumbnail","hentry"],"acf":[],"_links":{"self":[{"href":"https:\/\/pangeapark.dk\/falster\/wp-json\/wp\/v2\/pages\/7527","targetHints":{"allow":["GET"]}}],"collection":[{"href":"https:\/\/pangeapark.dk\/falster\/wp-json\/wp\/v2\/pages"}],"about":[{"href":"https:\/\/pangeapark.dk\/falster\/wp-json\/wp\/v2\/types\/page"}],"author":[{"embeddable":true,"href":"https:\/\/pangeapark.dk\/falster\/wp-json\/wp\/v2\/users\/1"}],"replies":[{"embeddable":true,"href":"https:\/\/pangeapark.dk\/falster\/wp-json\/wp\/v2\/comments?post=7527"}],"version-history":[{"count":10,"href":"https:\/\/pangeapark.dk\/falster\/wp-json\/wp\/v2\/pages\/7527\/revisions"}],"predecessor-version":[{"id":7897,"href":"https:\/\/pangeapark.dk\/falster\/wp-json\/wp\/v2\/pages\/7527\/revisions\/7897"}],"wp:featuredmedia":[{"embeddable":true,"href":"https:\/\/pangeapark.dk\/falster\/wp-json\/wp\/v2\/media\/5987"}],"wp:attachment":[{"href":"https:\/\/pangeapark.dk\/falster\/wp-json\/wp\/v2\/media?parent=7527"}],"curies":[{"name":"wp","href":"https:\/\/api.w.org\/{rel}","templated":true}]}}