{"id":7475,"date":"2026-03-26T08:48:03","date_gmt":"2026-03-26T07:48:03","guid":{"rendered":"https:\/\/pangeapark.dk\/falster\/?page_id=7475"},"modified":"2026-03-26T08:59:22","modified_gmt":"2026-03-26T07:59:22","slug":"handelsbetingelser","status":"publish","type":"page","link":"https:\/\/pangeapark.dk\/falster\/handelsbetingelser\/","title":{"rendered":"Handelsbetingelser"},"content":{"rendered":"\t\t<div data-elementor-type=\"wp-page\" data-elementor-id=\"7475\" class=\"elementor elementor-7475\" data-elementor-post-type=\"page\">\n\t\t\t\t<div class=\"elementor-element elementor-element-35bddab9 e-flex e-con-boxed e-con e-parent\" data-id=\"35bddab9\" data-element_type=\"container\" data-e-type=\"container\">\n\t\t\t\t\t<div class=\"e-con-inner\">\n\t\t\t\t<div class=\"elementor-element elementor-element-b57e4ab elementor-widget elementor-widget-heading\" data-id=\"b57e4ab\" data-element_type=\"widget\" data-e-type=\"widget\" data-widget_type=\"heading.default\">\n\t\t\t\t\t<p class=\"elementor-heading-title elementor-size-default\">Handelsbetingelser for Pangea Park Falster ApS<\/p>\t\t\t\t<\/div>\n\t\t<div class=\"elementor-element elementor-element-5ee5d07 e-grid e-con-full e-con e-child\" data-id=\"5ee5d07\" data-element_type=\"container\" data-e-type=\"container\">\n\t\t<div class=\"elementor-element elementor-element-f019b11 e-con-full e-flex e-con e-child\" data-id=\"f019b11\" data-element_type=\"container\" data-e-type=\"container\">\n\t\t\t\t<div class=\"elementor-element elementor-element-c6e0c77 elementor-widget elementor-widget-heading\" data-id=\"c6e0c77\" data-element_type=\"widget\" data-e-type=\"widget\" data-widget_type=\"heading.default\">\n\t\t\t\t\t<p class=\"elementor-heading-title elementor-size-default\">1. Virksomhedsoplysninger<\/p>\t\t\t\t<\/div>\n\t\t\t\t<div class=\"elementor-element elementor-element-41e3968 elementor-widget elementor-widget-text-editor\" data-id=\"41e3968\" data-element_type=\"widget\" data-e-type=\"widget\" data-widget_type=\"text-editor.default\">\n\t\t\t\t\t\t\t\t\t<p>Pangea Park Falster ApS<br \/>CVR: 44884186<br \/>Adresse: \u00d8stre Alle 97, 4800 Nyk\u00f8bing Falster<br \/>Telefon: 61 10 11 06<br \/>E-mail: falster@pangeapark.dk<\/p>\t\t\t\t\t\t\t\t<\/div>\n\t\t\t\t<div class=\"elementor-element elementor-element-f647fae elementor-widget elementor-widget-heading\" data-id=\"f647fae\" data-element_type=\"widget\" data-e-type=\"widget\" data-widget_type=\"heading.default\">\n\t\t\t\t\t<p class=\"elementor-heading-title elementor-size-default\">Pingvinfodring<\/p>\t\t\t\t<\/div>\n\t\t\t\t<\/div>\n\t\t<div class=\"elementor-element elementor-element-8819274 e-con-full e-flex e-con e-child\" data-id=\"8819274\" data-element_type=\"container\" data-e-type=\"container\">\n\t\t\t\t<div class=\"elementor-element elementor-element-b974af6 elementor-widget elementor-widget-heading\" data-id=\"b974af6\" data-element_type=\"widget\" data-e-type=\"widget\" data-widget_type=\"heading.default\">\n\t\t\t\t\t<p class=\"elementor-heading-title elementor-size-default\">2. Produkt og booking<\/p>\t\t\t\t<\/div>\n\t\t\t\t<div class=\"elementor-element elementor-element-71b56f7 elementor-widget elementor-widget-text-editor\" data-id=\"71b56f7\" data-element_type=\"widget\" data-e-type=\"widget\" data-widget_type=\"text-editor.default\">\n\t\t\t\t\t\t\t\t\t<p data-start=\"472\" data-end=\"626\">Pangea Park tilbyder booking af oplevelsen \u201cPingvinfodring\u201d.<br data-start=\"560\" data-end=\"563\" \/>Booking sker via hjemmesiden til en specifik dato og tidspunkt.<\/p>\n<p data-start=\"628\" data-end=\"721\">N\u00e5r en booking er gennemf\u00f8rt, er den bindende og g\u00e6lder kun for den valgte dato og tidspunkt.<\/p>\t\t\t\t\t\t\t\t<\/div>\n\t\t\t\t<\/div>\n\t\t<div class=\"elementor-element elementor-element-1a25c0f e-con-full e-flex e-con e-child\" data-id=\"1a25c0f\" data-element_type=\"container\" data-e-type=\"container\">\n\t\t\t\t<div class=\"elementor-element elementor-element-30a7fa3 elementor-widget elementor-widget-heading\" data-id=\"30a7fa3\" data-element_type=\"widget\" data-e-type=\"widget\" data-widget_type=\"heading.default\">\n\t\t\t\t\t<p class=\"elementor-heading-title elementor-size-default\">3. Betaling<\/p>\t\t\t\t<\/div>\n\t\t\t\t<div class=\"elementor-element elementor-element-b33e9fc elementor-widget elementor-widget-text-editor\" data-id=\"b33e9fc\" data-element_type=\"widget\" data-e-type=\"widget\" data-widget_type=\"text-editor.default\">\n\t\t\t\t\t\t\t\t\t<p data-start=\"472\" data-end=\"626\">Betaling sker online i forbindelse med booking via betalingskort eller PayPal.<br data-start=\"824\" data-end=\"827\" \/>Reservationen er f\u00f8rst gyldig, n\u00e5r betalingen er gennemf\u00f8rt.<\/p>\t\t\t\t\t\t\t\t<\/div>\n\t\t\t\t<\/div>\n\t\t<div class=\"elementor-element elementor-element-55bc1f7 e-con-full e-flex e-con e-child\" data-id=\"55bc1f7\" data-element_type=\"container\" data-e-type=\"container\">\n\t\t\t\t<div class=\"elementor-element elementor-element-1d2bd24 elementor-widget elementor-widget-heading\" data-id=\"1d2bd24\" data-element_type=\"widget\" data-e-type=\"widget\" data-widget_type=\"heading.default\">\n\t\t\t\t\t<p class=\"elementor-heading-title elementor-size-default\">4. Ombooking og afbestilling<\/p>\t\t\t\t<\/div>\n\t\t\t\t<div class=\"elementor-element elementor-element-6669153 elementor-widget elementor-widget-text-editor\" data-id=\"6669153\" data-element_type=\"widget\" data-e-type=\"widget\" data-widget_type=\"text-editor.default\">\n\t\t\t\t\t\t\t\t\t<p data-start=\"894\" data-end=\"1005\">Det er ikke muligt at \u00e6ndre dato eller tidspunkt efter gennemf\u00f8rt booking.<\/p>\n<p data-start=\"1007\" data-end=\"1098\">K\u00f8bte billetter refunderes ikke, uanset \u00e5rsag, herunder sygdom, forsinkelse eller lignende.<\/p>\t\t\t\t\t\t\t\t<\/div>\n\t\t\t\t<\/div>\n\t\t<div class=\"elementor-element elementor-element-da06520 e-con-full e-flex e-con e-child\" data-id=\"da06520\" data-element_type=\"container\" data-e-type=\"container\">\n\t\t\t\t<div class=\"elementor-element elementor-element-b49e814 elementor-widget elementor-widget-heading\" data-id=\"b49e814\" data-element_type=\"widget\" data-e-type=\"widget\" data-widget_type=\"heading.default\">\n\t\t\t\t\t<p class=\"elementor-heading-title elementor-size-default\">5. Udeblivelse (no-show)<\/p>\t\t\t\t<\/div>\n\t\t\t\t<div class=\"elementor-element elementor-element-462ff6b elementor-widget elementor-widget-text-editor\" data-id=\"462ff6b\" data-element_type=\"widget\" data-e-type=\"widget\" data-widget_type=\"text-editor.default\">\n\t\t\t\t\t\t\t\t\t<p data-start=\"1105\" data-end=\"1236\">Hvis kunden ikke m\u00f8der op til den bookede tid, bortfalder bookingen uden mulighed for refundering.<\/p>\n<p data-start=\"1238\" data-end=\"1296\">Kunder skal m\u00f8de op minimum 5 minutter f\u00f8r starttidspunkt.<\/p>\t\t\t\t\t\t\t\t<\/div>\n\t\t\t\t<\/div>\n\t\t<div class=\"elementor-element elementor-element-2fbf014 e-con-full e-flex e-con e-child\" data-id=\"2fbf014\" data-element_type=\"container\" data-e-type=\"container\">\n\t\t\t\t<div class=\"elementor-element elementor-element-8583bad elementor-widget elementor-widget-heading\" data-id=\"8583bad\" data-element_type=\"widget\" data-e-type=\"widget\" data-widget_type=\"heading.default\">\n\t\t\t\t\t<p class=\"elementor-heading-title elementor-size-default\">6. Alderskrav<\/p>\t\t\t\t<\/div>\n\t\t\t\t<div class=\"elementor-element elementor-element-d401d90 elementor-widget elementor-widget-text-editor\" data-id=\"d401d90\" data-element_type=\"widget\" data-e-type=\"widget\" data-widget_type=\"text-editor.default\">\n\t\t\t\t\t\t\t\t\t<p data-start=\"1105\" data-end=\"1236\">Der er ingen specifik aldersgr\u00e6nse for deltagelse i oplevelsen.<\/p>\t\t\t\t\t\t\t\t<\/div>\n\t\t\t\t<\/div>\n\t\t<div class=\"elementor-element elementor-element-0287621 e-con-full e-flex e-con e-child\" data-id=\"0287621\" data-element_type=\"container\" data-e-type=\"container\">\n\t\t\t\t<div class=\"elementor-element elementor-element-393604a elementor-widget elementor-widget-heading\" data-id=\"393604a\" data-element_type=\"widget\" data-e-type=\"widget\" data-widget_type=\"heading.default\">\n\t\t\t\t\t<p class=\"elementor-heading-title elementor-size-default\">7. Generelle forhold<\/p>\t\t\t\t<\/div>\n\t\t\t\t<div class=\"elementor-element elementor-element-7b1a9c9 elementor-widget elementor-widget-text-editor\" data-id=\"7b1a9c9\" data-element_type=\"widget\" data-e-type=\"widget\" data-widget_type=\"text-editor.default\">\n\t\t\t\t\t\t\t\t\t<p data-start=\"1393\" data-end=\"1600\">Pangea Park forbeholder sig retten til at \u00e6ndre eller aflyse en oplevelse i tilf\u00e6lde af uforudsete forhold, herunder hensyn til dyrenes trivsel eller andre driftsm\u00e6ssige forhold.<\/p>\n<p data-start=\"1602\" data-end=\"1656\">I s\u00e5danne tilf\u00e6lde vil kunden blive tilbudt en ny tid.<\/p>\t\t\t\t\t\t\t\t<\/div>\n\t\t\t\t<\/div>\n\t\t<div class=\"elementor-element elementor-element-5512704 e-con-full e-flex e-con e-child\" data-id=\"5512704\" data-element_type=\"container\" data-e-type=\"container\">\n\t\t\t\t<div class=\"elementor-element elementor-element-d1a93db elementor-widget elementor-widget-heading\" data-id=\"d1a93db\" data-element_type=\"widget\" data-e-type=\"widget\" data-widget_type=\"heading.default\">\n\t\t\t\t\t<p class=\"elementor-heading-title elementor-size-default\">8. Ansvar<\/p>\t\t\t\t<\/div>\n\t\t\t\t<div class=\"elementor-element elementor-element-21e8206 elementor-widget elementor-widget-text-editor\" data-id=\"21e8206\" data-element_type=\"widget\" data-e-type=\"widget\" data-widget_type=\"text-editor.default\">\n\t\t\t\t\t\t\t\t\t<p data-start=\"1393\" data-end=\"1600\">Deltagelse i oplevelser hos Pangea Park sker p\u00e5 eget ansvar.<br data-start=\"1739\" data-end=\"1742\" \/>Pangea Park kan ikke holdes ansvarlig for personskade eller tab, medmindre det f\u00f8lger af ufravigelig lovgivning.<\/p>\t\t\t\t\t\t\t\t<\/div>\n\t\t\t\t<\/div>\n\t\t<div class=\"elementor-element elementor-element-e7e3474 e-con-full e-flex e-con e-child\" data-id=\"e7e3474\" data-element_type=\"container\" data-e-type=\"container\">\n\t\t\t\t<div class=\"elementor-element elementor-element-b8f5b23 elementor-widget elementor-widget-heading\" data-id=\"b8f5b23\" data-element_type=\"widget\" data-e-type=\"widget\" data-widget_type=\"heading.default\">\n\t\t\t\t\t<p class=\"elementor-heading-title elementor-size-default\">9. Persondata<\/p>\t\t\t\t<\/div>\n\t\t\t\t<div class=\"elementor-element elementor-element-1e48c69 elementor-widget elementor-widget-text-editor\" data-id=\"1e48c69\" data-element_type=\"widget\" data-e-type=\"widget\" data-widget_type=\"text-editor.default\">\n\t\t\t\t\t\t\t\t\t<p data-start=\"1393\" data-end=\"1600\">Personoplysninger behandles i overensstemmelse med g\u00e6ldende databeskyttelseslovgivning og anvendes udelukkende til h\u00e5ndtering af booking og kundeservice.<\/p>\t\t\t\t\t\t\t\t<\/div>\n\t\t\t\t<\/div>\n\t\t\t\t<\/div>\n\t\t\t\t\t<\/div>\n\t\t\t\t<\/div>\n\t\t\t\t<\/div>\n\t\t","protected":false},"excerpt":{"rendered":"<p>Handelsbetingelser for Pangea Park Falster ApS 1. Virksomhedsoplysninger Pangea Park Falster ApSCVR: 44884186Adresse: \u00d8stre Alle 97, 4800 Nyk\u00f8bing FalsterTelefon: 61 10 11 06E-mail: falster@pangeapark.dk Pingvinfodring 2. Produkt og booking Pangea Park tilbyder booking af oplevelsen \u201cPingvinfodring\u201d.Booking sker via hjemmesiden til en specifik dato og tidspunkt. N\u00e5r en booking er gennemf\u00f8rt, er den bindende og g\u00e6lder [&hellip;]<\/p>\n","protected":false},"author":1,"featured_media":6632,"parent":0,"menu_order":0,"comment_status":"closed","ping_status":"closed","template":"","meta":{"_acf_changed":false,"_seopress_robots_primary_cat":"","_seopress_titles_title":"","_seopress_titles_desc":"","_seopress_robots_index":"","footnotes":""},"class_list":["post-7475","page","type-page","status-publish","has-post-thumbnail","hentry"],"acf":[],"_links":{"self":[{"href":"https:\/\/pangeapark.dk\/falster\/wp-json\/wp\/v2\/pages\/7475","targetHints":{"allow":["GET"]}}],"collection":[{"href":"https:\/\/pangeapark.dk\/falster\/wp-json\/wp\/v2\/pages"}],"about":[{"href":"https:\/\/pangeapark.dk\/falster\/wp-json\/wp\/v2\/types\/page"}],"author":[{"embeddable":true,"href":"https:\/\/pangeapark.dk\/falster\/wp-json\/wp\/v2\/users\/1"}],"replies":[{"embeddable":true,"href":"https:\/\/pangeapark.dk\/falster\/wp-json\/wp\/v2\/comments?post=7475"}],"version-history":[{"count":10,"href":"https:\/\/pangeapark.dk\/falster\/wp-json\/wp\/v2\/pages\/7475\/revisions"}],"predecessor-version":[{"id":7598,"href":"https:\/\/pangeapark.dk\/falster\/wp-json\/wp\/v2\/pages\/7475\/revisions\/7598"}],"wp:featuredmedia":[{"embeddable":true,"href":"https:\/\/pangeapark.dk\/falster\/wp-json\/wp\/v2\/media\/6632"}],"wp:attachment":[{"href":"https:\/\/pangeapark.dk\/falster\/wp-json\/wp\/v2\/media?parent=7475"}],"curies":[{"name":"wp","href":"https:\/\/api.w.org\/{rel}","templated":true}]}}