{"id":113,"date":"2026-01-20T13:06:17","date_gmt":"2026-01-20T12:06:17","guid":{"rendered":"https:\/\/gullevdesigns.studio\/pangea-multisitedemo\/falster\/skoletjeneste\/"},"modified":"2026-02-09T14:53:19","modified_gmt":"2026-02-09T13:53:19","slug":"skoletjeneste","status":"publish","type":"page","link":"https:\/\/pangeapark.dk\/falster\/om-os\/skoletjeneste\/","title":{"rendered":"Formidling ude"},"content":{"rendered":"\t\t<div data-elementor-type=\"wp-page\" data-elementor-id=\"113\" class=\"elementor elementor-113\" data-elementor-post-type=\"page\">\n\t\t\t\t<div class=\"elementor-element elementor-element-4afd1522 e-flex e-con-boxed e-con e-parent\" data-id=\"4afd1522\" data-element_type=\"container\" data-e-type=\"container\">\n\t\t\t\t\t<div class=\"e-con-inner\">\n\t\t<div class=\"elementor-element elementor-element-3b0848d4 e-con-full e-flex e-con e-child\" data-id=\"3b0848d4\" data-element_type=\"container\" data-e-type=\"container\">\n\t\t\t\t<div class=\"elementor-element elementor-element-2352be53 elementor-widget elementor-widget-heading\" data-id=\"2352be53\" data-element_type=\"widget\" data-e-type=\"widget\" data-widget_type=\"heading.default\">\n\t\t\t\t\t<h2 class=\"elementor-heading-title elementor-size-default\">Formidling ud af huset<\/h2>\t\t\t\t<\/div>\n\t\t\t\t<div class=\"elementor-element elementor-element-1bb45c12 elementor-widget elementor-widget-text-editor\" data-id=\"1bb45c12\" data-element_type=\"widget\" data-e-type=\"widget\" data-widget_type=\"text-editor.default\">\n\t\t\t\t\t\t\t\t\t<p>Priser fra 3000 kr. \u2013 Standard fremvisning: 30 minutter (mulighed for l\u00e6ngere tid kan aftales). Det er ogs\u00e5 muligt at inkludere flere eller andre dyr end dem i startpakken efter aftale.<\/p>\t\t\t\t\t\t\t\t<\/div>\n\t\t\t\t<\/div>\n\t\t<div class=\"elementor-element elementor-element-1d116d44 e-con-full e-flex e-con e-child\" data-id=\"1d116d44\" data-element_type=\"container\" data-e-type=\"container\" data-settings=\"{&quot;background_background&quot;:&quot;classic&quot;}\">\n\t\t<div class=\"elementor-element elementor-element-1be0148e e-con-full e-flex e-con e-child\" data-id=\"1be0148e\" data-element_type=\"container\" data-e-type=\"container\">\n\t\t\t\t<div class=\"elementor-element elementor-element-732c4182 elementor-widget elementor-widget-heading\" data-id=\"732c4182\" data-element_type=\"widget\" data-e-type=\"widget\" data-widget_type=\"heading.default\">\n\t\t\t\t\t<h3 class=\"elementor-heading-title elementor-size-default\">Start pakke<\/h3>\t\t\t\t<\/div>\n\t\t\t\t<div class=\"elementor-element elementor-element-255d9cc2 elementor-widget elementor-widget-text-editor\" data-id=\"255d9cc2\" data-element_type=\"widget\" data-e-type=\"widget\" data-widget_type=\"text-editor.default\">\n\t\t\t\t\t\t\t\t\t<p>1 x dyrepasser<\/p><p>2 x slanger<\/p><p>1 x reptil<\/p><p>2 x skildpadder\u200b<\/p><div class=\"elementor-price-list-text\"><div class=\"elementor-price-list-header\"><span class=\"elementor-price-list-title\">K\u00f8retill\u00e6g: <\/span><span class=\"elementor-price-list-price\">Alt efter adressen<\/span><\/div><\/div>\t\t\t\t\t\t\t\t<\/div>\n\t\t\t\t<\/div>\n\t\t<div class=\"elementor-element elementor-element-38fdf46e e-con-full e-flex e-con e-child\" data-id=\"38fdf46e\" data-element_type=\"container\" data-e-type=\"container\">\n\t\t\t\t<div class=\"elementor-element elementor-element-11aa4c94 elementor-widget elementor-widget-text-editor\" data-id=\"11aa4c94\" data-element_type=\"widget\" data-e-type=\"widget\" data-widget_type=\"text-editor.default\">\n\t\t\t\t\t\t\t\t\t<p>Fr\u00f8mund &amp; ekstra dyrepasser<br \/>1000 kr.<\/p>\t\t\t\t\t\t\t\t<\/div>\n\t\t\t\t<div class=\"elementor-element elementor-element-3f296419 elementor-widget__width-inherit elementor-widget elementor-widget-image\" data-id=\"3f296419\" data-element_type=\"widget\" data-e-type=\"widget\" data-widget_type=\"image.default\">\n\t\t\t\t\t\t\t\t\t\t\t\t\t\t\t<img fetchpriority=\"high\" decoding=\"async\" width=\"683\" height=\"1024\" src=\"https:\/\/pangeapark.dk\/falster\/wp-content\/uploads\/sites\/2\/2026\/01\/froemund_m_bg-683x1024-1.webp\" class=\"attachment-large size-large wp-image-115\" alt=\"\" srcset=\"https:\/\/pangeapark.dk\/falster\/wp-content\/uploads\/sites\/2\/2026\/01\/froemund_m_bg-683x1024-1.webp 683w, https:\/\/pangeapark.dk\/falster\/wp-content\/uploads\/sites\/2\/2026\/01\/froemund_m_bg-683x1024-1-200x300.webp 200w\" sizes=\"(max-width: 683px) 100vw, 683px\" loading=\"eager\" \/>\t\t\t\t\t\t\t\t\t\t\t\t\t\t\t<\/div>\n\t\t\t\t<\/div>\n\t\t\t\t<\/div>\n\t\t\t\t\t<\/div>\n\t\t\t\t<\/div>\n\t\t\t\t<\/div>\n\t\t","protected":false},"excerpt":{"rendered":"<p>Formidling ud af huset Priser fra 3000 kr. \u2013 Standard fremvisning: 30 minutter (mulighed for l\u00e6ngere tid kan aftales). Det er ogs\u00e5 muligt at inkludere flere eller andre dyr end dem i startpakken efter aftale. Start pakke 1 x dyrepasser 2 x slanger 1 x reptil 2 x skildpadder\u200b K\u00f8retill\u00e6g: Alt efter adressen Fr\u00f8mund &amp; [&hellip;]<\/p>\n","protected":false},"author":1,"featured_media":119,"parent":126,"menu_order":7,"comment_status":"closed","ping_status":"closed","template":"","meta":{"_acf_changed":false,"_seopress_robots_primary_cat":"","_seopress_titles_title":"","_seopress_titles_desc":"","_seopress_robots_index":"","footnotes":""},"class_list":["post-113","page","type-page","status-publish","has-post-thumbnail","hentry"],"acf":[],"_links":{"self":[{"href":"https:\/\/pangeapark.dk\/falster\/wp-json\/wp\/v2\/pages\/113","targetHints":{"allow":["GET"]}}],"collection":[{"href":"https:\/\/pangeapark.dk\/falster\/wp-json\/wp\/v2\/pages"}],"about":[{"href":"https:\/\/pangeapark.dk\/falster\/wp-json\/wp\/v2\/types\/page"}],"author":[{"embeddable":true,"href":"https:\/\/pangeapark.dk\/falster\/wp-json\/wp\/v2\/users\/1"}],"replies":[{"embeddable":true,"href":"https:\/\/pangeapark.dk\/falster\/wp-json\/wp\/v2\/comments?post=113"}],"version-history":[{"count":7,"href":"https:\/\/pangeapark.dk\/falster\/wp-json\/wp\/v2\/pages\/113\/revisions"}],"predecessor-version":[{"id":7185,"href":"https:\/\/pangeapark.dk\/falster\/wp-json\/wp\/v2\/pages\/113\/revisions\/7185"}],"up":[{"embeddable":true,"href":"https:\/\/pangeapark.dk\/falster\/wp-json\/wp\/v2\/pages\/126"}],"wp:featuredmedia":[{"embeddable":true,"href":"https:\/\/pangeapark.dk\/falster\/wp-json\/wp\/v2\/media\/119"}],"wp:attachment":[{"href":"https:\/\/pangeapark.dk\/falster\/wp-json\/wp\/v2\/media?parent=113"}],"curies":[{"name":"wp","href":"https:\/\/api.w.org\/{rel}","templated":true}]}}